{"id":7423,"date":"2022-08-25T20:25:21","date_gmt":"2022-08-25T17:25:21","guid":{"rendered":"https:\/\/www.dahaiyiyargi.org\/cerez-politikasi\/"},"modified":"2022-08-25T20:26:28","modified_gmt":"2022-08-25T17:26:28","slug":"cookie-policy","status":"publish","type":"page","link":"https:\/\/www.dahaiyiyargi.org\/en\/cookie-policy\/","title":{"rendered":"Cookie Policy"},"content":{"rendered":"\t\t<div data-elementor-type=\"wp-page\" data-elementor-id=\"7423\" class=\"elementor elementor-7423 elementor-6175\" data-elementor-post-type=\"page\">\n\t\t\t\t\t\t<div class=\"elementor-inner\">\n\t\t\t\t<div class=\"elementor-section-wrap\">\n\t\t\t\t\t\t\t\t\t<section class=\"elementor-section elementor-top-section elementor-element elementor-element-c288055 elementor-section-full_width elementor-section-stretched elementor-section-height-default elementor-section-height-default\" data-id=\"c288055\" data-element_type=\"section\" data-settings=\"{&quot;stretch_section&quot;:&quot;section-stretched&quot;,&quot;background_background&quot;:&quot;classic&quot;}\">\n\t\t\t\t\t\t<div class=\"elementor-container elementor-column-gap-default\">\n\t\t\t\t\t\t\t<div class=\"elementor-row\">\n\t\t\t\t\t<div class=\"elementor-column elementor-col-100 elementor-top-column elementor-element elementor-element-c95dc30\" data-id=\"c95dc30\" data-element_type=\"column\">\n\t\t\t<div class=\"elementor-column-wrap elementor-element-populated\">\n\t\t\t\t\t\t\t<div class=\"elementor-widget-wrap\">\n\t\t\t\t\t\t<div class=\"elementor-element elementor-element-8aca00a animated-slow elementor-invisible elementor-widget elementor-widget-heading\" data-id=\"8aca00a\" data-element_type=\"widget\" data-settings=\"{&quot;_animation&quot;:&quot;fadeIn&quot;}\" data-widget_type=\"heading.default\">\n\t\t\t\t<div class=\"elementor-widget-container\">\n\t\t\t<h2 class=\"elementor-heading-title elementor-size-default\">Cookie Policy<\/h2>\t\t<\/div>\n\t\t\t\t<\/div>\n\t\t\t\t<div class=\"elementor-element elementor-element-1987d1d animated-slow elementor-invisible elementor-widget elementor-widget-text-editor\" data-id=\"1987d1d\" data-element_type=\"widget\" data-settings=\"{&quot;_animation&quot;:&quot;fadeIn&quot;}\" data-widget_type=\"text-editor.default\">\n\t\t\t\t<div class=\"elementor-widget-container\">\n\t\t\t\t\t\t\t\t<div class=\"elementor-text-editor elementor-clearfix\">\n\t\t\t\t<div class=\"wpb_text_column wpb_content_element \"><div class=\"wpb_wrapper\"><div class=\"wpb_text_column wpb_content_element \"><div class=\"wpb_wrapper\"><p><strong>1 Introduction<\/strong><\/p><p>Our website,\u00a0<a href=\"https:\/\/www.dahaiyiyargi.org\/\">https:\/\/www.dahaiyiyargi.org<\/a>\u00a0(hereinafter: \u201cthe website\u201d) uses cookies and other related technologies (for convenience all technologies are referred to as \u201ccookies\u201d). Cookies are also placed by third parties we have engaged. In the document below we inform you about the use of cookies on our website.<\/p><p>\u00a0<\/p><p><strong>2 What are cookies<\/strong><\/p><p>A cookie is a small simple file that is sent along with pages of this website and stored by your browser on the hard drive of your computer or another device. The information stored therein may be returned to our servers or to the servers of the relevant third parties during a subsequent visit.<\/p><p>\u00a0<\/p><p><strong>3 What are scripts?<\/strong><\/p><p>A script is a piece of program code that is used to make our website function properly and interactively. This code is executed on our server or on your device.<\/p><p>\u00a0<\/p><p><strong>4 What is a webbeacon?<\/strong><\/p><p>A web beacon (or a pixel tag) is a small, invisible piece of text or image on a website that is used to monitor traffic on a website. In order to do this, various data about you is stored using web beacons.<\/p><p>\u00a0<\/p><p><strong>5 Use of cookies<\/strong><\/p><p>When you visit our website for the first time, we will show you a pop-up with an explanation about cookies. As soon as you click on \u201cAll cookies\u201d, you consent to us using all cookies and plug-ins as described in the pop-up and this cookie statement. You can disable the use of cookies via your browser, but please note that our website may no longer work properly.<\/p><p>\u00a0<\/p><p><strong>6 Third parties<\/strong><\/p><p>We have made agreements about the use of cookies with other companies that place cookies. However, we cannot guarantee that these third parties handle your personal data in a reliable or secure manner. Parties such as Google are to be considered as independent data controllers within the meaning of the General Data Protection Regulation. We recommend that you read the privacy statements of these companies.<\/p><p>\u00a0<\/p><p><strong>7 Cookies<\/strong><\/p><p>\u00a0<\/p><p><strong>7.1 Technical or functional cookies<\/strong><\/p><p>Some cookies ensure that certain parts of the website work properly and that your user preferences remain known. By placing functional cookies, we make it easier for you to visit our website. This way, you do not need to repeatedly enter the same information when visiting our website.<\/p><p>\u00a0<\/p><p><strong>7.2 Analytical cookies<\/strong><\/p><p>We use analytical cookies to optimize the website experience for our users. With these analytical cookies we get insights in the usage of our website.\u00a0We ask your permission to place analytical cookies.<\/p><p>\u00a0<\/p><p><strong>7.3 Advertising cookies<\/strong><\/p><p>We do not use any advertising cookies on this website.<\/p><p>\u00a0<\/p><p><strong>7.4 Social media buttons<\/strong><\/p><p>On our website we have included buttons for Twitter, Facebook and LinkedIn to promote webpages (e.g. \u201clike\u201d, \u201cpin\u201d) or share (e.g. \u201ctweet\u201d) on social networks like Twitter, Facebook, LinkedIn, etc. These buttons work using pieces of code coming from Twitter and Instagram themselves. This code places cookies. These social media buttons also can store and process certain information, so a personalized advertisement can be shown to you.<\/p><p>Please read the privacy statement of these social networks (which can change regularly) to read what they do with your (personal) data which they process using these cookies. The data that is retrieved is anonymized as much as possible. Twitter and Instagram are located in the United States.<\/p><p>\u00a0<\/p><p><strong>8 Placed cookies<\/strong><\/p><table width=\"100%\"><tbody><tr><td colspan=\"2\" width=\"33%\"><strong>Google Analytics<\/strong><\/td><\/tr><tr><td colspan=\"2\" width=\"33%\">Purpose: Performance<br \/>Retention period: From session up to\u00a0 two years<br \/>Description: We use Google Analytics, a web analytics service provided by Google. Google Analytics uses cookies that allows us to analyze the use of our website and to compile reports on website activity and internet usage.<\/td><\/tr><tr><td width=\"33%\">Used names<\/td><td width=\"33%\">Sharing<\/td><\/tr><tr><td width=\"33%\">_ga, _gid, _gat, _gaexp, _utm, __utmc, UTMD_, __utmv, __utmz, _gat_gtag_UA_ID, gadwp_wg_default_view, gadwp_wg_default_swmetric, gadwp_wg_default_metric, gadwp_wg_default_dimension, gadwp_ir_default_dimension, gadwp_ir_default_swmetric, gadwp_ir_default_metric<\/td><td width=\"33%\"><a href=\"https:\/\/policies.google.com\/privacy\">Privacy statement<\/a><\/td><\/tr><\/tbody><\/table><p>\u00a0<\/p><table width=\"100%\"><tbody><tr><td colspan=\"2\" width=\"33%\"><strong>WPForms<\/strong><\/td><\/tr><tr><td colspan=\"2\" width=\"33%\">Purpose: This cookie is placed to place contact forms and follow submissions.<br \/>Retention period: 365 days<br \/>Description: This cookie is placed to place contact forms and follow submissions.<\/td><\/tr><tr><td width=\"33%\">Used names<\/td><td width=\"33%\">Sharing<\/td><\/tr><tr><td width=\"33%\">_wpfuuid, wpforms_field_group_payment<\/td><td width=\"33%\"><a href=\"https:\/\/www.dahaiyiyargi.org\/cookie-policy\/?lang=en\">Privacy statement<\/a><\/td><\/tr><\/tbody><\/table><p>\u00a0<\/p><table width=\"100%\"><tbody><tr><td colspan=\"2\" width=\"33%\"><strong>Vimeo<\/strong><\/td><\/tr><tr><td colspan=\"2\" width=\"33%\">Purpose: To display and deliver videos we use Vimeo, a video sharing website. The embedded Vimeo player uses cookies to check if certain features or preferences have been selected by the user.<br \/>Retention period: 365 days<br \/>Description: Cookies to track individual users.<\/td><\/tr><tr><td width=\"33%\">Used names<\/td><td width=\"33%\">Sharing<\/td><\/tr><tr><td width=\"33%\">vuid\u2028\u2028, __utma, __utmt_player, __utmz, __utmc, __utmb<\/td><td width=\"33%\"><a href=\"https:\/\/vimeo.com\/privacy\">Privacy statement<\/a><\/td><\/tr><\/tbody><\/table><p>\u00a0<\/p><table width=\"100%\"><tbody><tr><td colspan=\"2\" width=\"33%\"><strong>WordPress<\/strong><\/td><\/tr><tr><td colspan=\"2\" width=\"33%\">Purpose: WordPress log in cookie<br \/>Retention period: 30 days<br \/>Description: Cookie to keep you logged in<\/td><\/tr><tr><td width=\"33%\">Used names<\/td><td width=\"33%\">Sharing<\/td><\/tr><tr><td width=\"33%\">_wordpress_<\/td><td width=\"33%\"><a href=\"https:\/\/www.dahaiyiyargi.org\/cookie-policy\/?lang=en\">Privacy statement<\/a><\/td><\/tr><\/tbody><\/table><p>\u00a0<\/p><table width=\"100%\"><tbody><tr><td colspan=\"2\" width=\"33%\"><strong>LiteSpeed<\/strong><\/td><\/tr><tr><td colspan=\"2\" width=\"33%\">Purpose: This is a cookie that stores users\u2019 login status and what the role of the current user is.<br \/>Retention period: 365 days<br \/>Description: This is a cookie that stores users\u2019 login status and what the role of the current user is.<\/td><\/tr><tr><td width=\"33%\">Used names<\/td><td width=\"33%\">Sharing<\/td><\/tr><tr><td width=\"33%\">_lscache_vary<\/td><td width=\"33%\"><a href=\"https:\/\/www.dahaiyiyargi.org\/cookie-policy\/?lang=en\">Privacy statement<\/a><\/td><\/tr><\/tbody><\/table><p>\u00a0<\/p><table width=\"100%\"><tbody><tr><td colspan=\"2\" width=\"33%\"><strong>Algolia<\/strong><\/td><\/tr><tr><td colspan=\"2\" width=\"33%\">Purpose: This cookie is used to be able to use the Algolia search function on our website.<br \/>Retention period: 365 days<br \/>Description: This cookie is used to be able to use the Algolia search function on our website.<\/td><\/tr><tr><td width=\"33%\">Used names<\/td><td width=\"33%\">Sharing<\/td><\/tr><tr><td width=\"33%\">algoliasearch-client-js<\/td><td width=\"33%\"><a href=\"https:\/\/www.dahaiyiyargi.org\/cookie-policy\/?lang=en\">Privacy statement<\/a><\/td><\/tr><\/tbody><\/table><p>\u00a0<\/p><table width=\"100%\"><tbody><tr><td colspan=\"2\" width=\"33%\"><strong>WP_API Schema<\/strong><\/td><\/tr><tr><td colspan=\"2\" width=\"33%\">Purpose: This cookie makes it possible to provide Schema JSON-LD \/ SEO markup for articles, events, local business, products, recipes, reviews and many more.<br \/>Retention period: 365 days<br \/>Description: This cookie makes it possible to provide Schema JSON-LD \/ SEO markup for articles, events, local business, products, recipes, reviews and many more.<\/td><\/tr><tr><td width=\"33%\">Used names<\/td><td width=\"33%\">Sharing<\/td><\/tr><tr><td width=\"33%\">wp-api-schema-model, wp-api-schema-model_xxxxxx<\/td><td width=\"33%\"><a href=\"https:\/\/www.dahaiyiyargi.org\/cookie-policy\/?lang=en\">Privacy statement<\/a><\/td><\/tr><\/tbody><\/table><p>\u00a0<\/p><table width=\"100%\"><tbody><tr><td colspan=\"2\" width=\"33%\"><strong>Twitter<\/strong><\/td><\/tr><tr><td colspan=\"2\" width=\"33%\">Purpose: Target users with personalised ads<br \/>Retention period: 1 year<br \/>Description: Twitter tracks users to target them with personalised ads<\/td><\/tr><tr><td width=\"33%\">Used names<\/td><td width=\"33%\">Sharing<\/td><\/tr><tr><td width=\"33%\">metrics_token<\/td><td width=\"33%\"><a href=\"https:\/\/twitter.com\/en\/privacy\">Privacy statement<\/a><\/td><\/tr><\/tbody><\/table><p>\u00a0<\/p><table width=\"100%\"><tbody><tr><td colspan=\"2\" width=\"33%\"><strong>Instagram<\/strong><\/td><\/tr><tr><td colspan=\"2\" width=\"33%\">Purpose: Personalised advertisements<br \/>Retention period: 1 year<br \/>Description: Instagram uses cookies to target users with personalised advertisements<\/td><\/tr><tr><td width=\"33%\">Used names<\/td><td width=\"33%\">Sharing<\/td><\/tr><tr><td width=\"33%\">fbm_, actppresence, sb, csm, c_user, frstxs, datr, _fbp<\/td><td width=\"33%\"><a href=\"https:\/\/www.instagram.com\/legal\/cookies\/\">Privacy statement<\/a><\/td><\/tr><\/tbody><\/table><p>\u00a0<\/p><table width=\"100%\"><tbody><tr><td colspan=\"2\" width=\"33%\"><strong>Google Fonts<\/strong><\/td><\/tr><tr><td colspan=\"2\" width=\"33%\">Purpose: Display of fonts on our website<br \/>Retention period: 365 days<br \/>Description: We use the Google Fonts API to display fonts on our website. The Google fonts API requests your IP address when visiting our website.<\/td><\/tr><tr><td width=\"33%\">Used names<\/td><td width=\"33%\">Sharing<\/td><\/tr><tr><td width=\"33%\">tcb_google_fonts<\/td><td width=\"33%\"><a href=\"https:\/\/policies.google.com\/privacy\">Privacy statement<\/a><\/td><\/tr><\/tbody><\/table><p>\u00a0<\/p><table width=\"100%\"><tbody><tr><td colspan=\"2\" width=\"33%\"><strong>YouTube<\/strong><\/td><\/tr><tr><td colspan=\"2\" width=\"33%\">Purpose: Youtube cookie to track individual users<br \/>Retention period: 30 days<br \/>Description: Cookies to track individual users.<\/td><\/tr><tr><td width=\"33%\">Used names<\/td><td width=\"33%\">Sharing<\/td><\/tr><tr><td width=\"33%\">\u00a0<\/td><td width=\"33%\"><a href=\"https:\/\/myaccount.google.com\/privacy\">Privacy statement<\/a><\/td><\/tr><\/tbody><\/table><p>\u00a0<\/p><p><strong>9 Your rights with respect to personal data<\/strong><\/p><p>You have the following rights with respect to your personal data:<\/p><ul><li>You have the right to know why your personal data is needed, what will happen to it, and how long it will be retained for.<\/li><li>Right of access: You have the right to access your personal data that is known to us.<\/li><li>Right to rectification: you have the right to supplement, correct, have deleted or blocked your personal data whenever you wish.<\/li><li>If you give us your consent to process your data, you have the right to revoke that consent and to have your personal data deleted.<\/li><li>Right to transfer your data: you have the right to request all your personal data from the controller and transfer it in its entirety to another controller.<\/li><li>Right to object: you may object to the processing of your data. We comply with this, unless there are justified grounds for processing.<\/li><\/ul><p>To exercise these rights, please contact us. Please refer to the contact details at the bottom of this cookie statement. If you have a complaint about how we handle your data, we would like to hear from you, but you also have the right to submit a complaint to the supervisory authority (the Data Protection Authority).<\/p><p>\u00a0<\/p><p><strong>10 Enabling\/disabling and deleting cookies<\/strong><\/p><p>You can use your internet browser to automatically or manually delete cookies. You can also specify that certain cookies may not be placed. Another option is to change the settings of your internet browser so that you receive a message each time a cookie is placed. For more information about these options, please refer to the instructions in the Help section of your browser.<\/p><p>Please note that our website may not work properly if all cookies are disabled. If you do delete the cookies in your browser, they will be placed again after your consent when you visit our websites again.<\/p><p>\u00a0<\/p><p><strong>11 Contact details<\/strong><\/p><p>For questions and\/or comments about our cookie policy and this statement, please contact us by using the following contact details:<\/p><p>Daha \u0130yi Yarg\u0131 Derne\u011fi<br \/>Esentepe, Kore \u015eehitleri Cd. No:17, 34394<br \/>\u015ei\u015fli\/\u0130stanbul\u00a0<br \/>Turkey<br \/>Website:\u00a0<a href=\"https:\/\/www.dahaiyiyargi.org\/\">https:\/\/www.dahaiyiyargi.org<\/a><br \/>Email: info@dahaiyiyargi.org<br \/>Phone number: 0212 354 00 00<\/p><\/div><\/div><div class=\"vc_empty_space\">\u00a0<\/div><\/div><\/div>\t\t\t\t\t<\/div>\n\t\t\t\t\t\t<\/div>\n\t\t\t\t<\/div>\n\t\t\t\t\t\t<\/div>\n\t\t\t\t\t<\/div>\n\t\t<\/div>\n\t\t\t\t\t\t\t\t<\/div>\n\t\t\t\t\t<\/div>\n\t\t<\/section>\n\t\t\t\t\t\t\t\t\t<\/div>\n\t\t\t<\/div>\n\t\t\t\t\t<\/div>\n\t\t","protected":false},"excerpt":{"rendered":"<p>Cookie Policy 1 Introduction Our website,\u00a0https:\/\/www.dahaiyiyargi.org\u00a0(hereinafter: \u201cthe website\u201d) uses cookies and other related technologies (for convenience all technologies are referred to as \u201ccookies\u201d). Cookies are also placed by third parties we have engaged. In the document below we inform you about the use of cookies on our website. \u00a0 2 What are cookies A cookie [&hellip;]<\/p>\n","protected":false},"author":1,"featured_media":0,"parent":0,"menu_order":0,"comment_status":"closed","ping_status":"closed","template":"","meta":{"_monsterinsights_skip_tracking":false,"_monsterinsights_sitenote_active":false,"_monsterinsights_sitenote_note":"","_monsterinsights_sitenote_category":0,"footnotes":""},"class_list":["post-7423","page","type-page","status-publish","hentry"],"acf":[],"yoast_head":"<!-- This site is optimized with the Yoast SEO plugin v20.7 - https:\/\/yoast.com\/wordpress\/plugins\/seo\/ -->\n<title>Cookie Policy | Daha \u0130yi Yarg\u0131 Derne\u011fi<\/title>\n<meta name=\"robots\" content=\"index, follow, max-snippet:-1, max-image-preview:large, max-video-preview:-1\" \/>\n<link rel=\"canonical\" href=\"https:\/\/www.dahaiyiyargi.org\/en\/cookie-policy\/\" \/>\n<meta property=\"og:locale\" content=\"en_US\" \/>\n<meta property=\"og:type\" content=\"article\" \/>\n<meta property=\"og:title\" content=\"Cookie Policy | Daha \u0130yi Yarg\u0131 Derne\u011fi\" \/>\n<meta property=\"og:description\" content=\"Cookie Policy 1 Introduction Our website,\u00a0https:\/\/www.dahaiyiyargi.org\u00a0(hereinafter: \u201cthe website\u201d) uses cookies and other related technologies (for convenience all technologies are referred to as \u201ccookies\u201d). Cookies are also placed by third parties we have engaged. In the document below we inform you about the use of cookies on our website. \u00a0 2 What are cookies A cookie [&hellip;]\" \/>\n<meta property=\"og:url\" content=\"https:\/\/www.dahaiyiyargi.org\/en\/cookie-policy\/\" \/>\n<meta property=\"og:site_name\" content=\"Daha \u0130yi Yarg\u0131 Derne\u011fi\" \/>\n<meta property=\"article:publisher\" content=\"https:\/\/www.facebook.com\/dahaiyiyargi\/\" \/>\n<meta property=\"article:modified_time\" content=\"2022-08-25T17:26:28+00:00\" \/>\n<meta property=\"og:image\" content=\"https:\/\/www.dahaiyiyargi.org\/wp-content\/uploads\/2022\/09\/diy_sm3.jpg\" \/>\n\t<meta property=\"og:image:width\" content=\"1200\" \/>\n\t<meta property=\"og:image:height\" content=\"630\" \/>\n\t<meta property=\"og:image:type\" content=\"image\/jpeg\" \/>\n<meta name=\"twitter:card\" content=\"summary_large_image\" \/>\n<meta name=\"twitter:site\" content=\"@dahaiyiyargi\" \/>\n<meta name=\"twitter:label1\" content=\"Est. reading time\" \/>\n\t<meta name=\"twitter:data1\" content=\"7 minutes\" \/>\n<script type=\"application\/ld+json\" class=\"yoast-schema-graph\">{\"@context\":\"https:\/\/schema.org\",\"@graph\":[{\"@type\":\"WebPage\",\"@id\":\"https:\/\/www.dahaiyiyargi.org\/en\/cookie-policy\/\",\"url\":\"https:\/\/www.dahaiyiyargi.org\/en\/cookie-policy\/\",\"name\":\"Cookie Policy | Daha \u0130yi Yarg\u0131 Derne\u011fi\",\"isPartOf\":{\"@id\":\"https:\/\/www.dahaiyiyargi.org\/#website\"},\"datePublished\":\"2022-08-25T17:25:21+00:00\",\"dateModified\":\"2022-08-25T17:26:28+00:00\",\"breadcrumb\":{\"@id\":\"https:\/\/www.dahaiyiyargi.org\/en\/cookie-policy\/#breadcrumb\"},\"inLanguage\":\"en-US\",\"potentialAction\":[{\"@type\":\"ReadAction\",\"target\":[\"https:\/\/www.dahaiyiyargi.org\/en\/cookie-policy\/\"]}]},{\"@type\":\"BreadcrumbList\",\"@id\":\"https:\/\/www.dahaiyiyargi.org\/en\/cookie-policy\/#breadcrumb\",\"itemListElement\":[{\"@type\":\"ListItem\",\"position\":1,\"name\":\"Anasayfa\",\"item\":\"https:\/\/www.dahaiyiyargi.org\/\"},{\"@type\":\"ListItem\",\"position\":2,\"name\":\"Cookie Policy\"}]},{\"@type\":\"WebSite\",\"@id\":\"https:\/\/www.dahaiyiyargi.org\/#website\",\"url\":\"https:\/\/www.dahaiyiyargi.org\/\",\"name\":\"Daha \u0130yi Yarg\u0131 Derne\u011fi\",\"description\":\"V2\",\"publisher\":{\"@id\":\"https:\/\/www.dahaiyiyargi.org\/#organization\"},\"potentialAction\":[{\"@type\":\"SearchAction\",\"target\":{\"@type\":\"EntryPoint\",\"urlTemplate\":\"https:\/\/www.dahaiyiyargi.org\/?s={search_term_string}\"},\"query-input\":\"required name=search_term_string\"}],\"inLanguage\":\"en-US\"},{\"@type\":\"Organization\",\"@id\":\"https:\/\/www.dahaiyiyargi.org\/#organization\",\"name\":\"Daha \u0130yi Yarg\u0131 Derne\u011fi\",\"url\":\"https:\/\/www.dahaiyiyargi.org\/\",\"logo\":{\"@type\":\"ImageObject\",\"inLanguage\":\"en-US\",\"@id\":\"https:\/\/www.dahaiyiyargi.org\/#\/schema\/logo\/image\/\",\"url\":\"https:\/\/www.dahaiyiyargi.org\/wp-content\/uploads\/2022\/03\/logo.png\",\"contentUrl\":\"https:\/\/www.dahaiyiyargi.org\/wp-content\/uploads\/2022\/03\/logo.png\",\"width\":252,\"height\":252,\"caption\":\"Daha \u0130yi Yarg\u0131 Derne\u011fi\"},\"image\":{\"@id\":\"https:\/\/www.dahaiyiyargi.org\/#\/schema\/logo\/image\/\"},\"sameAs\":[\"https:\/\/www.facebook.com\/dahaiyiyargi\/\",\"https:\/\/twitter.com\/dahaiyiyargi\",\"https:\/\/www.linkedin.com\/company\/dahaiyiyargi\/\",\"https:\/\/www.youtube.com\/channel\/UClnpHPuRzRAWShcK30U4WOA\",\"https:\/\/www.instagram.com\/dahaiyiyargi\/\"]}]}<\/script>\n<!-- \/ Yoast SEO plugin. -->","yoast_head_json":{"title":"Cookie Policy | Daha \u0130yi Yarg\u0131 Derne\u011fi","robots":{"index":"index","follow":"follow","max-snippet":"max-snippet:-1","max-image-preview":"max-image-preview:large","max-video-preview":"max-video-preview:-1"},"canonical":"https:\/\/www.dahaiyiyargi.org\/en\/cookie-policy\/","og_locale":"en_US","og_type":"article","og_title":"Cookie Policy | Daha \u0130yi Yarg\u0131 Derne\u011fi","og_description":"Cookie Policy 1 Introduction Our website,\u00a0https:\/\/www.dahaiyiyargi.org\u00a0(hereinafter: \u201cthe website\u201d) uses cookies and other related technologies (for convenience all technologies are referred to as \u201ccookies\u201d). Cookies are also placed by third parties we have engaged. In the document below we inform you about the use of cookies on our website. \u00a0 2 What are cookies A cookie [&hellip;]","og_url":"https:\/\/www.dahaiyiyargi.org\/en\/cookie-policy\/","og_site_name":"Daha \u0130yi Yarg\u0131 Derne\u011fi","article_publisher":"https:\/\/www.facebook.com\/dahaiyiyargi\/","article_modified_time":"2022-08-25T17:26:28+00:00","og_image":[{"width":1200,"height":630,"url":"https:\/\/www.dahaiyiyargi.org\/wp-content\/uploads\/2022\/09\/diy_sm3.jpg","type":"image\/jpeg"}],"twitter_card":"summary_large_image","twitter_site":"@dahaiyiyargi","twitter_misc":{"Est. reading time":"7 minutes"},"schema":{"@context":"https:\/\/schema.org","@graph":[{"@type":"WebPage","@id":"https:\/\/www.dahaiyiyargi.org\/en\/cookie-policy\/","url":"https:\/\/www.dahaiyiyargi.org\/en\/cookie-policy\/","name":"Cookie Policy | Daha \u0130yi Yarg\u0131 Derne\u011fi","isPartOf":{"@id":"https:\/\/www.dahaiyiyargi.org\/#website"},"datePublished":"2022-08-25T17:25:21+00:00","dateModified":"2022-08-25T17:26:28+00:00","breadcrumb":{"@id":"https:\/\/www.dahaiyiyargi.org\/en\/cookie-policy\/#breadcrumb"},"inLanguage":"en-US","potentialAction":[{"@type":"ReadAction","target":["https:\/\/www.dahaiyiyargi.org\/en\/cookie-policy\/"]}]},{"@type":"BreadcrumbList","@id":"https:\/\/www.dahaiyiyargi.org\/en\/cookie-policy\/#breadcrumb","itemListElement":[{"@type":"ListItem","position":1,"name":"Anasayfa","item":"https:\/\/www.dahaiyiyargi.org\/"},{"@type":"ListItem","position":2,"name":"Cookie Policy"}]},{"@type":"WebSite","@id":"https:\/\/www.dahaiyiyargi.org\/#website","url":"https:\/\/www.dahaiyiyargi.org\/","name":"Daha \u0130yi Yarg\u0131 Derne\u011fi","description":"V2","publisher":{"@id":"https:\/\/www.dahaiyiyargi.org\/#organization"},"potentialAction":[{"@type":"SearchAction","target":{"@type":"EntryPoint","urlTemplate":"https:\/\/www.dahaiyiyargi.org\/?s={search_term_string}"},"query-input":"required name=search_term_string"}],"inLanguage":"en-US"},{"@type":"Organization","@id":"https:\/\/www.dahaiyiyargi.org\/#organization","name":"Daha \u0130yi Yarg\u0131 Derne\u011fi","url":"https:\/\/www.dahaiyiyargi.org\/","logo":{"@type":"ImageObject","inLanguage":"en-US","@id":"https:\/\/www.dahaiyiyargi.org\/#\/schema\/logo\/image\/","url":"https:\/\/www.dahaiyiyargi.org\/wp-content\/uploads\/2022\/03\/logo.png","contentUrl":"https:\/\/www.dahaiyiyargi.org\/wp-content\/uploads\/2022\/03\/logo.png","width":252,"height":252,"caption":"Daha \u0130yi Yarg\u0131 Derne\u011fi"},"image":{"@id":"https:\/\/www.dahaiyiyargi.org\/#\/schema\/logo\/image\/"},"sameAs":["https:\/\/www.facebook.com\/dahaiyiyargi\/","https:\/\/twitter.com\/dahaiyiyargi","https:\/\/www.linkedin.com\/company\/dahaiyiyargi\/","https:\/\/www.youtube.com\/channel\/UClnpHPuRzRAWShcK30U4WOA","https:\/\/www.instagram.com\/dahaiyiyargi\/"]}]}},"_links":{"self":[{"href":"https:\/\/www.dahaiyiyargi.org\/en\/wp-json\/wp\/v2\/pages\/7423","targetHints":{"allow":["GET"]}}],"collection":[{"href":"https:\/\/www.dahaiyiyargi.org\/en\/wp-json\/wp\/v2\/pages"}],"about":[{"href":"https:\/\/www.dahaiyiyargi.org\/en\/wp-json\/wp\/v2\/types\/page"}],"author":[{"embeddable":true,"href":"https:\/\/www.dahaiyiyargi.org\/en\/wp-json\/wp\/v2\/users\/1"}],"replies":[{"embeddable":true,"href":"https:\/\/www.dahaiyiyargi.org\/en\/wp-json\/wp\/v2\/comments?post=7423"}],"version-history":[{"count":0,"href":"https:\/\/www.dahaiyiyargi.org\/en\/wp-json\/wp\/v2\/pages\/7423\/revisions"}],"wp:attachment":[{"href":"https:\/\/www.dahaiyiyargi.org\/en\/wp-json\/wp\/v2\/media?parent=7423"}],"curies":[{"name":"wp","href":"https:\/\/api.w.org\/{rel}","templated":true}]}}