{"id":7432,"date":"2022-08-25T20:27:36","date_gmt":"2022-08-25T17:27:36","guid":{"rendered":"https:\/\/www.dahaiyiyargi.org\/?page_id=7432"},"modified":"2022-08-25T20:29:58","modified_gmt":"2022-08-25T17:29:58","slug":"clarification-text","status":"publish","type":"page","link":"https:\/\/www.dahaiyiyargi.org\/en\/clarification-text\/","title":{"rendered":"Clarification Text On Personal Data Processing"},"content":{"rendered":"\t\t<div data-elementor-type=\"wp-page\" data-elementor-id=\"7432\" class=\"elementor elementor-7432 elementor-6180\" data-elementor-post-type=\"page\">\n\t\t\t\t\t\t<div class=\"elementor-inner\">\n\t\t\t\t<div class=\"elementor-section-wrap\">\n\t\t\t\t\t\t\t\t\t<section class=\"elementor-section elementor-top-section elementor-element elementor-element-c288055 elementor-section-full_width elementor-section-stretched elementor-section-height-default elementor-section-height-default\" data-id=\"c288055\" data-element_type=\"section\" data-settings=\"{&quot;stretch_section&quot;:&quot;section-stretched&quot;,&quot;background_background&quot;:&quot;classic&quot;}\">\n\t\t\t\t\t\t<div class=\"elementor-container elementor-column-gap-default\">\n\t\t\t\t\t\t\t<div class=\"elementor-row\">\n\t\t\t\t\t<div class=\"elementor-column elementor-col-100 elementor-top-column elementor-element elementor-element-c95dc30\" data-id=\"c95dc30\" data-element_type=\"column\">\n\t\t\t<div class=\"elementor-column-wrap elementor-element-populated\">\n\t\t\t\t\t\t\t<div class=\"elementor-widget-wrap\">\n\t\t\t\t\t\t<div class=\"elementor-element elementor-element-8aca00a animated-slow elementor-invisible elementor-widget elementor-widget-heading\" data-id=\"8aca00a\" data-element_type=\"widget\" data-settings=\"{&quot;_animation&quot;:&quot;fadeIn&quot;}\" data-widget_type=\"heading.default\">\n\t\t\t\t<div class=\"elementor-widget-container\">\n\t\t\t<h2 class=\"elementor-heading-title elementor-size-default\">Clarification Text On Personal Data Processing<\/h2>\t\t<\/div>\n\t\t\t\t<\/div>\n\t\t\t\t<div class=\"elementor-element elementor-element-1987d1d animated-slow elementor-invisible elementor-widget elementor-widget-text-editor\" data-id=\"1987d1d\" data-element_type=\"widget\" data-settings=\"{&quot;_animation&quot;:&quot;fadeIn&quot;}\" data-widget_type=\"text-editor.default\">\n\t\t\t\t<div class=\"elementor-widget-container\">\n\t\t\t\t\t\t\t\t<div class=\"elementor-text-editor elementor-clearfix\">\n\t\t\t\t<div class=\"wpb_text_column wpb_content_element \"><div class=\"wpb_wrapper\"><div class=\"wpb_text_column wpb_content_element \"><div class=\"wpb_wrapper\"><p>As the Better Justice Association (\u201cAssociation\u201d), we give importance to protection of your personal data. We would like to inform you with this clarification text (\u201cClarification Text\u201d) about how the personal data of the visitors are processed in accordance with the Law No. 6698 on Personal Data Protection and the secondary regulations (\u201c<strong>PDP legislation<\/strong>\u201d) when you visit our official website\u00a0<a href=\"https:\/\/www.dahaiyiyargi.org\/\">https:\/\/www.dahaiyiyargi.org\/<\/a>.<\/p><p>\u00a0<\/p><p><strong>For which purposes and how do we obtain and process your personal data?<\/strong><\/p><p>As the Association, in our capacity as a data controller, we collect your personal data through automatic or non-automatic means, in writing, verbally or electronically.<\/p><p>\u00a0<\/p><p>Once you visit the address\u00a0<a href=\"https:\/\/www.dahaiyiyargi.org\/\">https:\/\/www.dahaiyiyargi.org\/<\/a>; your data and the traffic data in particular are processed by our Association electronically and physically in writing, through automatic and non-automatic means, in accordance with the PDP legislation and for the purposes of fulfilling our obligations originating from the Law On Regulation of Publications on The Internet And Combating Crimes Committed By Means of Such Publications numbered 5651 and related secondary regulations.<\/p><p>\u00a0<\/p><p>In addition; we use certain cookies in a manner limited and proportionate to our legitimate interests for the purposes of systematically recording and monitor your visits and to use them as a part of our business development process. In this way; it is aimed to get statistical information about how many users visit the website, for which purpose and how many times a person visit the website and how long the visitors stay on our website. For more information, please read our\u00a0<strong><a href=\"https:\/\/www.dahaiyiyargi.org\/cookie-policy\/?lang=en\"><u>cookie policy<\/u><\/a><\/strong>.<\/p><p>\u00a0<\/p><p>We also process the personal data provided to us in order to record, answer and monitor all requests submitted through our website as well as to conduct the Association\u2019s activities (i.e. collection donations, collection subscription fees, writing receipts), within the framework of our legitimate interests and in a restrained manner limited to the purpose of fulfilling our legal obligations.<\/p><p>\u00a0<\/p><p>Personal data of our Association\u2019s members and\/or the persons who file membership applications may be processed in order to inform them about the Association\u2019s activities and planned events and commercial e-mails are sent to them subject to their consent.<\/p><p>\u00a0<\/p><p>Finally; we process your personal data which are submitted in the Association membership form (including the sensitive personal data) for the purposes of recording and evaluating the membership applications, in a limited and restrained manner and within the scope of our legitimate interests. Beside this; we process your personal data about your membership with other associations, which are deemed sensitive personal data, subject to your explicit consent and in accordance with the PDP legislation. Audio and visual records of the events organized by the Associations are kept by the Association and within this scope; personal data of the members and relevant persons are processed within the framework of our legitimate interests, in accordance with the laws and in a restrained manner.<\/p><p>\u00a0<\/p><p><strong>To whom and for which purpose is your personal data disclosed?<\/strong><\/p><p>We disclose your personal data listed in this Clarification Text to third party service providers (advertising agencies, IT specialists, database providers, back-up and retrieval experts in connection with and limited to the purposes of conducting the Association\u2019s activities in addition to the purposes specified in this text and also with other members for the purpose of running the membership processes and\u00a0 publishing these parties on our website in accordance with provisions of the Association\u2019s Charter and we disclose the names, surnames and details about the organization where the relevant member work to public in accordance with the PDP legislation.<\/p><p>\u00a0<\/p><p>The third parties to whom we disclose your personal data shall be liable to process your personal data in connection with and in a manner limited to the intended purpose and to protect this data within the scope of our contractual relationship unless otherwise provided in the PDP legislation and these parties are controlled by our Association.<\/p><p>\u00a0<\/p><p>Finally, we disclose your personal data to government agencies, official bodies and judicial authorities with the purpose of fulfilling our legal responsibilities and obligations, in accordance with the PDP legislation.<\/p><p>\u00a0<\/p><p><strong>Is your Personal Data transferred abroad?<\/strong><\/p><p>Your personal data is not transferred abroad.<\/p><p>\u00a0<\/p><p><strong>Security, storage and destruction of your personal data<\/strong><\/p><p>Your personal data shall be stored during the period required for the processing purposes specified in this Clarification Text and in any case, during the legal limitation periods set forth in the legal regulations. Upon expiry of the referred periods, our Association shall delete, destroy or anonymize your personal data in accordance with the Personal Data Storage and Destruction Policy.<\/p><p>\u00a0<\/p><p><strong>Your Rights originating from the PDP Legislation<\/strong><\/p><p>Within the scope of Article 11 of the Law No. 6698 on Protection of Personal Data; you have the right to apply to our Association and\u00a0<em>(i)<\/em>\u00a0to learn whether your personal data is processed or not;\u00a0<em>(ii)<\/em>\u00a0to request information if your personal data is processed, to learn the purpose of data processing and whether this data is used for intended purposes;\u00a0<em>(iii)\u00a0<\/em>to know the third parties to whom your personal data is transferred at home or abroad, to request the rectification of the incomplete or inaccurate data, if any;\u00a0<em>(iv)\u00a0<\/em>to request the erasure or destruction of his personal data under the conditions laid down in Article 7;\u00a0<strong><em>(v)<\/em><\/strong>\u00a0to request notification of the operations carried out in compliance with subparagraphs (d) and (e) to third parties to whom his personal data has been transferred;\u00a0<strong><em>(vi)<\/em><\/strong>\u00a0to object to the processing, exclusively by automatic means, of his personal data, which leads to an unfavourable consequence for the data subject and \u00a0<strong><em>(vii)\u00a0<\/em><\/strong>to request compensation for the damage arising from the unlawful processing of your personal data. You may submit relevant requests to the e-mail address\u00a0<a href=\"mailto:info@dahaiyiyargi.org\">info@dahaiyiyargi.org<\/a>\u00a0or directly to our Association in writing at the address of Better Justice Association, Esentepe, Kore \u015eehitleri Cd. No: 17, 34394 \u015ei\u015fli\/Istanbul.<\/p><p>\u00a0<\/p><p>This Clarification Text shall be revised and published on our website in accordance with the legislation and secondary regulations, as amended from time to time.<\/p><p>\u2013 December 2019 \u2013<\/p><p><strong>\u00a0<\/strong><\/p><p><strong>Better Justice Association<\/strong><\/p><\/div><\/div><div class=\"vc_empty_space\">\u00a0<\/div><\/div><\/div>\t\t\t\t\t<\/div>\n\t\t\t\t\t\t<\/div>\n\t\t\t\t<\/div>\n\t\t\t\t\t\t<\/div>\n\t\t\t\t\t<\/div>\n\t\t<\/div>\n\t\t\t\t\t\t\t\t<\/div>\n\t\t\t\t\t<\/div>\n\t\t<\/section>\n\t\t\t\t\t\t\t\t\t<\/div>\n\t\t\t<\/div>\n\t\t\t\t\t<\/div>\n\t\t","protected":false},"excerpt":{"rendered":"<p>Clarification Text On Personal Data Processing As the Better Justice Association (\u201cAssociation\u201d), we give importance to protection of your personal data. We would like to inform you with this clarification text (\u201cClarification Text\u201d) about how the personal data of the visitors are processed in accordance with the Law No. 6698 on Personal Data Protection and [&hellip;]<\/p>\n","protected":false},"author":1,"featured_media":0,"parent":0,"menu_order":0,"comment_status":"closed","ping_status":"closed","template":"","meta":{"_monsterinsights_skip_tracking":false,"_monsterinsights_sitenote_active":false,"_monsterinsights_sitenote_note":"","_monsterinsights_sitenote_category":0,"footnotes":""},"class_list":["post-7432","page","type-page","status-publish","hentry"],"acf":[],"yoast_head":"<!-- This site is optimized with the Yoast SEO plugin v20.7 - https:\/\/yoast.com\/wordpress\/plugins\/seo\/ -->\n<title>Clarification Text On Personal Data Processing | Daha \u0130yi Yarg\u0131 Derne\u011fi<\/title>\n<meta name=\"robots\" content=\"index, follow, max-snippet:-1, max-image-preview:large, max-video-preview:-1\" \/>\n<link rel=\"canonical\" href=\"https:\/\/www.dahaiyiyargi.org\/en\/clarification-text\/\" \/>\n<meta property=\"og:locale\" content=\"en_US\" \/>\n<meta property=\"og:type\" content=\"article\" \/>\n<meta property=\"og:title\" content=\"Clarification Text On Personal Data Processing | Daha \u0130yi Yarg\u0131 Derne\u011fi\" \/>\n<meta property=\"og:description\" content=\"Clarification Text On Personal Data Processing As the Better Justice Association (\u201cAssociation\u201d), we give importance to protection of your personal data. We would like to inform you with this clarification text (\u201cClarification Text\u201d) about how the personal data of the visitors are processed in accordance with the Law No. 6698 on Personal Data Protection and [&hellip;]\" \/>\n<meta property=\"og:url\" content=\"https:\/\/www.dahaiyiyargi.org\/en\/clarification-text\/\" \/>\n<meta property=\"og:site_name\" content=\"Daha \u0130yi Yarg\u0131 Derne\u011fi\" \/>\n<meta property=\"article:publisher\" content=\"https:\/\/www.facebook.com\/dahaiyiyargi\/\" \/>\n<meta property=\"article:modified_time\" content=\"2022-08-25T17:29:58+00:00\" \/>\n<meta property=\"og:image\" content=\"https:\/\/www.dahaiyiyargi.org\/wp-content\/uploads\/2022\/09\/diy_sm3.jpg\" \/>\n\t<meta property=\"og:image:width\" content=\"1200\" \/>\n\t<meta property=\"og:image:height\" content=\"630\" \/>\n\t<meta property=\"og:image:type\" content=\"image\/jpeg\" \/>\n<meta name=\"twitter:card\" content=\"summary_large_image\" \/>\n<meta name=\"twitter:site\" content=\"@dahaiyiyargi\" \/>\n<meta name=\"twitter:label1\" content=\"Est. reading time\" \/>\n\t<meta name=\"twitter:data1\" content=\"5 minutes\" \/>\n<script type=\"application\/ld+json\" class=\"yoast-schema-graph\">{\"@context\":\"https:\/\/schema.org\",\"@graph\":[{\"@type\":\"WebPage\",\"@id\":\"https:\/\/www.dahaiyiyargi.org\/en\/clarification-text\/\",\"url\":\"https:\/\/www.dahaiyiyargi.org\/en\/clarification-text\/\",\"name\":\"Clarification Text On Personal Data Processing | Daha \u0130yi Yarg\u0131 Derne\u011fi\",\"isPartOf\":{\"@id\":\"https:\/\/www.dahaiyiyargi.org\/#website\"},\"datePublished\":\"2022-08-25T17:27:36+00:00\",\"dateModified\":\"2022-08-25T17:29:58+00:00\",\"breadcrumb\":{\"@id\":\"https:\/\/www.dahaiyiyargi.org\/en\/clarification-text\/#breadcrumb\"},\"inLanguage\":\"en-US\",\"potentialAction\":[{\"@type\":\"ReadAction\",\"target\":[\"https:\/\/www.dahaiyiyargi.org\/en\/clarification-text\/\"]}]},{\"@type\":\"BreadcrumbList\",\"@id\":\"https:\/\/www.dahaiyiyargi.org\/en\/clarification-text\/#breadcrumb\",\"itemListElement\":[{\"@type\":\"ListItem\",\"position\":1,\"name\":\"Anasayfa\",\"item\":\"https:\/\/www.dahaiyiyargi.org\/\"},{\"@type\":\"ListItem\",\"position\":2,\"name\":\"Clarification Text On Personal Data Processing\"}]},{\"@type\":\"WebSite\",\"@id\":\"https:\/\/www.dahaiyiyargi.org\/#website\",\"url\":\"https:\/\/www.dahaiyiyargi.org\/\",\"name\":\"Daha \u0130yi Yarg\u0131 Derne\u011fi\",\"description\":\"V2\",\"publisher\":{\"@id\":\"https:\/\/www.dahaiyiyargi.org\/#organization\"},\"potentialAction\":[{\"@type\":\"SearchAction\",\"target\":{\"@type\":\"EntryPoint\",\"urlTemplate\":\"https:\/\/www.dahaiyiyargi.org\/?s={search_term_string}\"},\"query-input\":\"required name=search_term_string\"}],\"inLanguage\":\"en-US\"},{\"@type\":\"Organization\",\"@id\":\"https:\/\/www.dahaiyiyargi.org\/#organization\",\"name\":\"Daha \u0130yi Yarg\u0131 Derne\u011fi\",\"url\":\"https:\/\/www.dahaiyiyargi.org\/\",\"logo\":{\"@type\":\"ImageObject\",\"inLanguage\":\"en-US\",\"@id\":\"https:\/\/www.dahaiyiyargi.org\/#\/schema\/logo\/image\/\",\"url\":\"https:\/\/www.dahaiyiyargi.org\/wp-content\/uploads\/2022\/03\/logo.png\",\"contentUrl\":\"https:\/\/www.dahaiyiyargi.org\/wp-content\/uploads\/2022\/03\/logo.png\",\"width\":252,\"height\":252,\"caption\":\"Daha \u0130yi Yarg\u0131 Derne\u011fi\"},\"image\":{\"@id\":\"https:\/\/www.dahaiyiyargi.org\/#\/schema\/logo\/image\/\"},\"sameAs\":[\"https:\/\/www.facebook.com\/dahaiyiyargi\/\",\"https:\/\/twitter.com\/dahaiyiyargi\",\"https:\/\/www.linkedin.com\/company\/dahaiyiyargi\/\",\"https:\/\/www.youtube.com\/channel\/UClnpHPuRzRAWShcK30U4WOA\",\"https:\/\/www.instagram.com\/dahaiyiyargi\/\"]}]}<\/script>\n<!-- \/ Yoast SEO plugin. -->","yoast_head_json":{"title":"Clarification Text On Personal Data Processing | Daha \u0130yi Yarg\u0131 Derne\u011fi","robots":{"index":"index","follow":"follow","max-snippet":"max-snippet:-1","max-image-preview":"max-image-preview:large","max-video-preview":"max-video-preview:-1"},"canonical":"https:\/\/www.dahaiyiyargi.org\/en\/clarification-text\/","og_locale":"en_US","og_type":"article","og_title":"Clarification Text On Personal Data Processing | Daha \u0130yi Yarg\u0131 Derne\u011fi","og_description":"Clarification Text On Personal Data Processing As the Better Justice Association (\u201cAssociation\u201d), we give importance to protection of your personal data. We would like to inform you with this clarification text (\u201cClarification Text\u201d) about how the personal data of the visitors are processed in accordance with the Law No. 6698 on Personal Data Protection and [&hellip;]","og_url":"https:\/\/www.dahaiyiyargi.org\/en\/clarification-text\/","og_site_name":"Daha \u0130yi Yarg\u0131 Derne\u011fi","article_publisher":"https:\/\/www.facebook.com\/dahaiyiyargi\/","article_modified_time":"2022-08-25T17:29:58+00:00","og_image":[{"width":1200,"height":630,"url":"https:\/\/www.dahaiyiyargi.org\/wp-content\/uploads\/2022\/09\/diy_sm3.jpg","type":"image\/jpeg"}],"twitter_card":"summary_large_image","twitter_site":"@dahaiyiyargi","twitter_misc":{"Est. reading time":"5 minutes"},"schema":{"@context":"https:\/\/schema.org","@graph":[{"@type":"WebPage","@id":"https:\/\/www.dahaiyiyargi.org\/en\/clarification-text\/","url":"https:\/\/www.dahaiyiyargi.org\/en\/clarification-text\/","name":"Clarification Text On Personal Data Processing | Daha \u0130yi Yarg\u0131 Derne\u011fi","isPartOf":{"@id":"https:\/\/www.dahaiyiyargi.org\/#website"},"datePublished":"2022-08-25T17:27:36+00:00","dateModified":"2022-08-25T17:29:58+00:00","breadcrumb":{"@id":"https:\/\/www.dahaiyiyargi.org\/en\/clarification-text\/#breadcrumb"},"inLanguage":"en-US","potentialAction":[{"@type":"ReadAction","target":["https:\/\/www.dahaiyiyargi.org\/en\/clarification-text\/"]}]},{"@type":"BreadcrumbList","@id":"https:\/\/www.dahaiyiyargi.org\/en\/clarification-text\/#breadcrumb","itemListElement":[{"@type":"ListItem","position":1,"name":"Anasayfa","item":"https:\/\/www.dahaiyiyargi.org\/"},{"@type":"ListItem","position":2,"name":"Clarification Text On Personal Data Processing"}]},{"@type":"WebSite","@id":"https:\/\/www.dahaiyiyargi.org\/#website","url":"https:\/\/www.dahaiyiyargi.org\/","name":"Daha \u0130yi Yarg\u0131 Derne\u011fi","description":"V2","publisher":{"@id":"https:\/\/www.dahaiyiyargi.org\/#organization"},"potentialAction":[{"@type":"SearchAction","target":{"@type":"EntryPoint","urlTemplate":"https:\/\/www.dahaiyiyargi.org\/?s={search_term_string}"},"query-input":"required name=search_term_string"}],"inLanguage":"en-US"},{"@type":"Organization","@id":"https:\/\/www.dahaiyiyargi.org\/#organization","name":"Daha \u0130yi Yarg\u0131 Derne\u011fi","url":"https:\/\/www.dahaiyiyargi.org\/","logo":{"@type":"ImageObject","inLanguage":"en-US","@id":"https:\/\/www.dahaiyiyargi.org\/#\/schema\/logo\/image\/","url":"https:\/\/www.dahaiyiyargi.org\/wp-content\/uploads\/2022\/03\/logo.png","contentUrl":"https:\/\/www.dahaiyiyargi.org\/wp-content\/uploads\/2022\/03\/logo.png","width":252,"height":252,"caption":"Daha \u0130yi Yarg\u0131 Derne\u011fi"},"image":{"@id":"https:\/\/www.dahaiyiyargi.org\/#\/schema\/logo\/image\/"},"sameAs":["https:\/\/www.facebook.com\/dahaiyiyargi\/","https:\/\/twitter.com\/dahaiyiyargi","https:\/\/www.linkedin.com\/company\/dahaiyiyargi\/","https:\/\/www.youtube.com\/channel\/UClnpHPuRzRAWShcK30U4WOA","https:\/\/www.instagram.com\/dahaiyiyargi\/"]}]}},"_links":{"self":[{"href":"https:\/\/www.dahaiyiyargi.org\/en\/wp-json\/wp\/v2\/pages\/7432","targetHints":{"allow":["GET"]}}],"collection":[{"href":"https:\/\/www.dahaiyiyargi.org\/en\/wp-json\/wp\/v2\/pages"}],"about":[{"href":"https:\/\/www.dahaiyiyargi.org\/en\/wp-json\/wp\/v2\/types\/page"}],"author":[{"embeddable":true,"href":"https:\/\/www.dahaiyiyargi.org\/en\/wp-json\/wp\/v2\/users\/1"}],"replies":[{"embeddable":true,"href":"https:\/\/www.dahaiyiyargi.org\/en\/wp-json\/wp\/v2\/comments?post=7432"}],"version-history":[{"count":0,"href":"https:\/\/www.dahaiyiyargi.org\/en\/wp-json\/wp\/v2\/pages\/7432\/revisions"}],"wp:attachment":[{"href":"https:\/\/www.dahaiyiyargi.org\/en\/wp-json\/wp\/v2\/media?parent=7432"}],"curies":[{"name":"wp","href":"https:\/\/api.w.org\/{rel}","templated":true}]}}